{"id":71,"date":"2023-10-20T09:15:18","date_gmt":"2023-10-20T07:15:18","guid":{"rendered":"https:\/\/arloma.net\/?page_id=71"},"modified":"2023-10-20T11:51:44","modified_gmt":"2023-10-20T09:51:44","slug":"aviso-legal","status":"publish","type":"page","link":"https:\/\/arloma.net\/index.php\/aviso-legal\/","title":{"rendered":"Aviso Legal"},"content":{"rendered":"\t\t<div data-elementor-type=\"wp-page\" data-elementor-id=\"71\" class=\"elementor elementor-71\">\n\t\t\t\t\t\t\t<div class=\"elementor-element elementor-element-ce9a4ef e-flex e-con-boxed e-con e-parent\" data-id=\"ce9a4ef\" data-element_type=\"container\" data-settings=\"{&quot;content_width&quot;:&quot;boxed&quot;}\" data-core-v316-plus=\"true\">\n\t\t\t\t\t<div class=\"e-con-inner\">\n\t\t<div class=\"elementor-element elementor-element-f6f1627 e-flex e-con-boxed e-con e-child\" data-id=\"f6f1627\" data-element_type=\"container\" data-settings=\"{&quot;content_width&quot;:&quot;boxed&quot;}\">\n\t\t\t\t\t<div class=\"e-con-inner\">\n\t\t\t\t<div class=\"elementor-element elementor-element-155671c elementor-widget elementor-widget-spacer\" data-id=\"155671c\" data-element_type=\"widget\" data-widget_type=\"spacer.default\">\n\t\t\t\t<div class=\"elementor-widget-container\">\n\t\t\t<style>\/*! elementor - v3.18.0 - 08-12-2023 *\/\n.elementor-column .elementor-spacer-inner{height:var(--spacer-size)}.e-con{--container-widget-width:100%}.e-con-inner>.elementor-widget-spacer,.e-con>.elementor-widget-spacer{width:var(--container-widget-width,var(--spacer-size));--align-self:var(--container-widget-align-self,initial);--flex-shrink:0}.e-con-inner>.elementor-widget-spacer>.elementor-widget-container,.e-con>.elementor-widget-spacer>.elementor-widget-container{height:100%;width:100%}.e-con-inner>.elementor-widget-spacer>.elementor-widget-container>.elementor-spacer,.e-con>.elementor-widget-spacer>.elementor-widget-container>.elementor-spacer{height:100%}.e-con-inner>.elementor-widget-spacer>.elementor-widget-container>.elementor-spacer>.elementor-spacer-inner,.e-con>.elementor-widget-spacer>.elementor-widget-container>.elementor-spacer>.elementor-spacer-inner{height:var(--container-widget-height,var(--spacer-size))}.e-con-inner>.elementor-widget-spacer.elementor-widget-empty,.e-con>.elementor-widget-spacer.elementor-widget-empty{position:relative;min-height:22px;min-width:22px}.e-con-inner>.elementor-widget-spacer.elementor-widget-empty .elementor-widget-empty-icon,.e-con>.elementor-widget-spacer.elementor-widget-empty .elementor-widget-empty-icon{position:absolute;top:0;bottom:0;left:0;right:0;margin:auto;padding:0;width:22px;height:22px}<\/style>\t\t<div class=\"elementor-spacer\">\n\t\t\t<div class=\"elementor-spacer-inner\"><\/div>\n\t\t<\/div>\n\t\t\t\t<\/div>\n\t\t\t\t<\/div>\n\t\t\t\t\t<\/div>\n\t\t\t\t<\/div>\n\t\t<div class=\"elementor-element elementor-element-ad484d8 e-flex e-con-boxed e-con e-child\" data-id=\"ad484d8\" data-element_type=\"container\" data-settings=\"{&quot;content_width&quot;:&quot;boxed&quot;}\">\n\t\t\t\t\t<div class=\"e-con-inner\">\n\t\t\t\t<div class=\"elementor-element elementor-element-c104855 elementor-widget elementor-widget-text-editor\" data-id=\"c104855\" data-element_type=\"widget\" data-widget_type=\"text-editor.default\">\n\t\t\t\t<div class=\"elementor-widget-container\">\n\t\t\t<style>\/*! elementor - v3.18.0 - 08-12-2023 *\/\n.elementor-widget-text-editor.elementor-drop-cap-view-stacked .elementor-drop-cap{background-color:#69727d;color:#fff}.elementor-widget-text-editor.elementor-drop-cap-view-framed .elementor-drop-cap{color:#69727d;border:3px solid;background-color:transparent}.elementor-widget-text-editor:not(.elementor-drop-cap-view-default) .elementor-drop-cap{margin-top:8px}.elementor-widget-text-editor:not(.elementor-drop-cap-view-default) .elementor-drop-cap-letter{width:1em;height:1em}.elementor-widget-text-editor .elementor-drop-cap{float:left;text-align:center;line-height:1;font-size:50px}.elementor-widget-text-editor .elementor-drop-cap-letter{display:inline-block}<\/style>\t\t\t\t<h1 style=\"margin-block: 0.5rem 1rem; font-weight: 500; line-height: 1.2; color: #7a7a7a; font-style: normal; text-align: center;\">Aviso legal<\/h1>\t\t\t\t\t\t<\/div>\n\t\t\t\t<\/div>\n\t\t\t\t\t<\/div>\n\t\t\t\t<\/div>\n\t\t<div class=\"elementor-element elementor-element-33d089d e-flex e-con-boxed e-con e-child\" data-id=\"33d089d\" data-element_type=\"container\" data-settings=\"{&quot;content_width&quot;:&quot;boxed&quot;}\">\n\t\t\t\t\t<div class=\"e-con-inner\">\n\t\t\t\t<div class=\"elementor-element elementor-element-65c65d2 elementor-widget elementor-widget-spacer\" data-id=\"65c65d2\" data-element_type=\"widget\" data-widget_type=\"spacer.default\">\n\t\t\t\t<div class=\"elementor-widget-container\">\n\t\t\t\t\t<div class=\"elementor-spacer\">\n\t\t\t<div class=\"elementor-spacer-inner\"><\/div>\n\t\t<\/div>\n\t\t\t\t<\/div>\n\t\t\t\t<\/div>\n\t\t\t\t\t<\/div>\n\t\t\t\t<\/div>\n\t\t<div class=\"elementor-element elementor-element-5fde269 e-flex e-con-boxed e-con e-child\" data-id=\"5fde269\" data-element_type=\"container\" data-settings=\"{&quot;content_width&quot;:&quot;boxed&quot;}\">\n\t\t\t\t\t<div class=\"e-con-inner\">\n\t\t\t\t<div class=\"elementor-element elementor-element-2a55e31 elementor-widget elementor-widget-text-editor\" data-id=\"2a55e31\" data-element_type=\"widget\" data-widget_type=\"text-editor.default\">\n\t\t\t\t<div class=\"elementor-widget-container\">\n\t\t\t\t\t\t\t<p style=\"margin-block: 0px 0.9rem; color: #54595f; font-family: Raleway, sans-serif; font-size: 18px; font-style: normal; font-weight: 400;\">Este portal, cuyo titular es arloma S.L., con domicilio en calle Telesforo Aranzadi, 6, Bilbao, 48008, Bizkaia y tel\u00e9fono 645708873 est\u00e1 constituido por los sitios web asociados a los dominios <a href=\"http:\/\/arloma.net\">arloma.net<\/a><\/p><p style=\"margin-block: 0px 0.9rem; color: #54595f; font-family: Raleway, sans-serif; font-size: 18px; font-style: normal; font-weight: 400;\"><span style=\"font-weight: bolder;\">Propiedad intelectual e industrial<\/span><\/p><p style=\"margin-block: 0px 0.9rem; color: #54595f; font-family: Raleway, sans-serif; font-size: 18px; font-style: normal; font-weight: 400;\"><span style=\"color: var( --e-global-color-secondary );\">El dise\u00f1o del portal y sus c\u00f3digos fuente, as\u00ed como los logos, marcas y dem\u00e1s signos distintivos que aparecen en el mismo pertenecen a <a href=\"http:\/\/arloma.net\">arloma.net<\/a> y est\u00e1n protegidos por los correspondientes derechos de propiedad intelectual e industrial.<\/span><\/p><p style=\"margin-block: 0px 0.9rem; color: #54595f; font-family: Raleway, sans-serif; font-size: 18px; font-style: normal; font-weight: 400;\"><span style=\"color: var( --e-global-color-secondary );\"><span style=\"font-weight: bold;\">Responsabilidad de los contenidos<\/span><\/span><\/p><p style=\"margin-block: 0px 0.9rem; color: #54595f; font-family: Raleway, sans-serif; font-size: 18px; font-style: normal; font-weight: 400;\"><span style=\"color: var( --e-global-color-secondary );\"><a href=\"http:\/\/arloma.net\">arloma.net<\/a> no se hace responsable de la legalidad de otros sitios web de terceros desde los que pueda accederse a esta web. Tampoco se hace responsable por la legalidad de otros sitios web de terceros, que pudieran estar vinculados o enlazados desde este portal.<\/span><\/p><p style=\"margin-block: 0px 0.9rem; color: #54595f; font-family: Raleway, sans-serif; font-size: 18px; font-style: normal; font-weight: 400;\"><span style=\"color: var( --e-global-color-secondary );\"><a href=\"http:\/\/arloma.net\">arloma.net<\/a> se reserva el derecho a realizar cambios en el sitio web sin previo aviso, al objeto de mantener actualizada su informaci\u00f3n, a\u00f1adiendo, modificando, corrigiendo o eliminando los contenidos publicados o el dise\u00f1o del portal.<\/span><\/p><p style=\"margin-block: 0px 0.9rem; color: #54595f; font-family: Raleway, sans-serif; font-size: 18px; font-style: normal; font-weight: 400;\"><span style=\"color: var( --e-global-color-secondary );\"><a href=\"http:\/\/arloma.net\">arloma.net<\/a> no ser\u00e1 responsable del uso que terceros hagan de la informaci\u00f3n publicada en el portal, ni tampoco de los da\u00f1os sufridos o p\u00e9rdidas econ\u00f3micas que, de forma directa o indirecta, produzcan o puedan producir perjuicios econ\u00f3micos, materiales o sobre datos, provocados por el uso de dicha informaci\u00f3n.<\/span><span style=\"color: var( --e-global-color-secondary );\"><br \/><\/span><\/p><p style=\"margin-block: 0px 0.9rem; color: #54595f; font-family: Raleway, sans-serif; font-size: 18px; font-style: normal; font-weight: 400;\"><span style=\"color: var( --e-global-color-secondary );\"><span style=\"font-weight: bold;\">Reproducci\u00f3n de contenidos<\/span><\/span><\/p><p style=\"margin-block: 0px 0.9rem; color: #54595f; font-family: Raleway, sans-serif; font-size: 18px; font-style: normal; font-weight: 400;\"><span style=\"color: var( --e-global-color-secondary );\">Se proh\u00edbe la reproducci\u00f3n total o parcial de los contenidos publicados en el portal.\u00a0<\/span><\/p><p style=\"margin-block: 0px 0.9rem; color: #54595f; font-family: Raleway, sans-serif; font-size: 18px; font-style: normal; font-weight: 400;\"><span style=\"color: var( --e-global-color-secondary );\"><span style=\"font-weight: bold;\">Ley aplicable<\/span><\/span><\/p><p style=\"margin-block: 0px 0.9rem; color: #54595f; font-family: Raleway, sans-serif; font-size: 18px; font-style: normal; font-weight: 400;\">La ley aplicable en caso de disputa o conflicto de interpretaci\u00f3n de los t\u00e9rminos que conforman este aviso legal, as\u00ed como cualquier cuesti\u00f3n relacionada con los servicios de la presente web, ser\u00e1n los referentes a la ley espa\u00f1ola.<\/p>\t\t\t\t\t\t<\/div>\n\t\t\t\t<\/div>\n\t\t\t\t\t<\/div>\n\t\t\t\t<\/div>\n\t\t<div class=\"elementor-element elementor-element-ab242fc e-flex e-con-boxed e-con e-child\" data-id=\"ab242fc\" data-element_type=\"container\" data-settings=\"{&quot;content_width&quot;:&quot;boxed&quot;}\">\n\t\t\t\t\t<div class=\"e-con-inner\">\n\t\t\t\t<div class=\"elementor-element elementor-element-51081ef elementor-widget elementor-widget-spacer\" data-id=\"51081ef\" data-element_type=\"widget\" data-widget_type=\"spacer.default\">\n\t\t\t\t<div class=\"elementor-widget-container\">\n\t\t\t\t\t<div class=\"elementor-spacer\">\n\t\t\t<div class=\"elementor-spacer-inner\"><\/div>\n\t\t<\/div>\n\t\t\t\t<\/div>\n\t\t\t\t<\/div>\n\t\t\t\t\t<\/div>\n\t\t\t\t<\/div>\n\t\t\t\t\t<\/div>\n\t\t\t\t<\/div>\n\t\t\t\t\t\t\t<\/div>\n\t\t","protected":false},"excerpt":{"rendered":"<p>Aviso legal Este portal, cuyo titular es arloma S.L., con domicilio en calle Telesforo Aranzadi, 6, Bilbao, 48008, Bizkaia y tel\u00e9fono 645708873 est\u00e1 constituido por los sitios web asociados a los dominios arloma.net Propiedad intelectual e industrial El dise\u00f1o del portal y sus c\u00f3digos fuente, as\u00ed como los logos, marcas y dem\u00e1s signos distintivos que &hellip;<\/p>\n<p class=\"read-more\"> <a class=\"\" href=\"https:\/\/arloma.net\/index.php\/aviso-legal\/\"> <span class=\"screen-reader-text\">Aviso Legal<\/span> Read More &raquo;<\/a><\/p>\n","protected":false},"author":1,"featured_media":0,"parent":0,"menu_order":0,"comment_status":"closed","ping_status":"closed","template":"","meta":{"site-sidebar-layout":"no-sidebar","site-content-layout":"","ast-site-content-layout":"full-width-container","site-content-style":"default","site-sidebar-style":"default","ast-global-header-display":"","ast-banner-title-visibility":"","ast-main-header-display":"","ast-hfb-above-header-display":"","ast-hfb-below-header-display":"","ast-hfb-mobile-header-display":"","site-post-title":"disabled","ast-breadcrumbs-content":"","ast-featured-img":"disabled","footer-sml-layout":"","theme-transparent-header-meta":"","adv-header-id-meta":"","stick-header-meta":"","header-above-stick-meta":"","header-main-stick-meta":"","header-below-stick-meta":"","astra-migrate-meta-layouts":"","ast-page-background-enabled":"default","ast-page-background-meta":{"desktop":{"background-color":"var(--ast-global-color-4)","background-image":"","background-repeat":"repeat","background-position":"center center","background-size":"auto","background-attachment":"scroll","background-type":"","background-media":"","overlay-type":"","overlay-color":"","overlay-gradient":""},"tablet":{"background-color":"","background-image":"","background-repeat":"repeat","background-position":"center center","background-size":"auto","background-attachment":"scroll","background-type":"","background-media":"","overlay-type":"","overlay-color":"","overlay-gradient":""},"mobile":{"background-color":"","background-image":"","background-repeat":"repeat","background-position":"center center","background-size":"auto","background-attachment":"scroll","background-type":"","background-media":"","overlay-type":"","overlay-color":"","overlay-gradient":""}},"ast-content-background-meta":{"desktop":{"background-color":"var(--ast-global-color-5)","background-image":"","background-repeat":"repeat","background-position":"center center","background-size":"auto","background-attachment":"scroll","background-type":"","background-media":"","overlay-type":"","overlay-color":"","overlay-gradient":""},"tablet":{"background-color":"var(--ast-global-color-5)","background-image":"","background-repeat":"repeat","background-position":"center center","background-size":"auto","background-attachment":"scroll","background-type":"","background-media":"","overlay-type":"","overlay-color":"","overlay-gradient":""},"mobile":{"background-color":"var(--ast-global-color-5)","background-image":"","background-repeat":"repeat","background-position":"center center","background-size":"auto","background-attachment":"scroll","background-type":"","background-media":"","overlay-type":"","overlay-color":"","overlay-gradient":""}},"footnotes":"","_joinchat":[]},"aioseo_notices":[],"_links":{"self":[{"href":"https:\/\/arloma.net\/index.php\/wp-json\/wp\/v2\/pages\/71"}],"collection":[{"href":"https:\/\/arloma.net\/index.php\/wp-json\/wp\/v2\/pages"}],"about":[{"href":"https:\/\/arloma.net\/index.php\/wp-json\/wp\/v2\/types\/page"}],"author":[{"embeddable":true,"href":"https:\/\/arloma.net\/index.php\/wp-json\/wp\/v2\/users\/1"}],"replies":[{"embeddable":true,"href":"https:\/\/arloma.net\/index.php\/wp-json\/wp\/v2\/comments?post=71"}],"version-history":[{"count":7,"href":"https:\/\/arloma.net\/index.php\/wp-json\/wp\/v2\/pages\/71\/revisions"}],"predecessor-version":[{"id":177,"href":"https:\/\/arloma.net\/index.php\/wp-json\/wp\/v2\/pages\/71\/revisions\/177"}],"wp:attachment":[{"href":"https:\/\/arloma.net\/index.php\/wp-json\/wp\/v2\/media?parent=71"}],"curies":[{"name":"wp","href":"https:\/\/api.w.org\/{rel}","templated":true}]}}