{"id":69,"date":"2023-10-20T09:14:58","date_gmt":"2023-10-20T07:14:58","guid":{"rendered":"https:\/\/arloma.net\/?page_id=69"},"modified":"2023-10-20T11:59:32","modified_gmt":"2023-10-20T09:59:32","slug":"declaracion-de-accesibilidad","status":"publish","type":"page","link":"https:\/\/arloma.net\/index.php\/declaracion-de-accesibilidad\/","title":{"rendered":"Declaraci\u00f3n de Accesibilidad"},"content":{"rendered":"\t\t<div data-elementor-type=\"wp-page\" data-elementor-id=\"69\" class=\"elementor elementor-69\">\n\t\t\t\t\t\t\t<div class=\"elementor-element elementor-element-a73f33f e-flex e-con-boxed e-con e-parent\" data-id=\"a73f33f\" data-element_type=\"container\" data-settings=\"{&quot;content_width&quot;:&quot;boxed&quot;}\" data-core-v316-plus=\"true\">\n\t\t\t\t\t<div class=\"e-con-inner\">\n\t\t<div class=\"elementor-element elementor-element-d24a16b e-flex e-con-boxed e-con e-child\" data-id=\"d24a16b\" data-element_type=\"container\" data-settings=\"{&quot;content_width&quot;:&quot;boxed&quot;}\">\n\t\t\t\t\t<div class=\"e-con-inner\">\n\t\t\t\t<div class=\"elementor-element elementor-element-63e08f0 elementor-widget elementor-widget-spacer\" data-id=\"63e08f0\" data-element_type=\"widget\" data-widget_type=\"spacer.default\">\n\t\t\t\t<div class=\"elementor-widget-container\">\n\t\t\t<style>\/*! elementor - v3.18.0 - 08-12-2023 *\/\n.elementor-column .elementor-spacer-inner{height:var(--spacer-size)}.e-con{--container-widget-width:100%}.e-con-inner>.elementor-widget-spacer,.e-con>.elementor-widget-spacer{width:var(--container-widget-width,var(--spacer-size));--align-self:var(--container-widget-align-self,initial);--flex-shrink:0}.e-con-inner>.elementor-widget-spacer>.elementor-widget-container,.e-con>.elementor-widget-spacer>.elementor-widget-container{height:100%;width:100%}.e-con-inner>.elementor-widget-spacer>.elementor-widget-container>.elementor-spacer,.e-con>.elementor-widget-spacer>.elementor-widget-container>.elementor-spacer{height:100%}.e-con-inner>.elementor-widget-spacer>.elementor-widget-container>.elementor-spacer>.elementor-spacer-inner,.e-con>.elementor-widget-spacer>.elementor-widget-container>.elementor-spacer>.elementor-spacer-inner{height:var(--container-widget-height,var(--spacer-size))}.e-con-inner>.elementor-widget-spacer.elementor-widget-empty,.e-con>.elementor-widget-spacer.elementor-widget-empty{position:relative;min-height:22px;min-width:22px}.e-con-inner>.elementor-widget-spacer.elementor-widget-empty .elementor-widget-empty-icon,.e-con>.elementor-widget-spacer.elementor-widget-empty .elementor-widget-empty-icon{position:absolute;top:0;bottom:0;left:0;right:0;margin:auto;padding:0;width:22px;height:22px}<\/style>\t\t<div class=\"elementor-spacer\">\n\t\t\t<div class=\"elementor-spacer-inner\"><\/div>\n\t\t<\/div>\n\t\t\t\t<\/div>\n\t\t\t\t<\/div>\n\t\t\t\t\t<\/div>\n\t\t\t\t<\/div>\n\t\t<div class=\"elementor-element elementor-element-8dc9c88 e-flex e-con-boxed e-con e-child\" data-id=\"8dc9c88\" data-element_type=\"container\" data-settings=\"{&quot;content_width&quot;:&quot;boxed&quot;}\">\n\t\t\t\t\t<div class=\"e-con-inner\">\n\t\t\t\t<div class=\"elementor-element elementor-element-641401d elementor-widget elementor-widget-text-editor\" data-id=\"641401d\" data-element_type=\"widget\" data-widget_type=\"text-editor.default\">\n\t\t\t\t<div class=\"elementor-widget-container\">\n\t\t\t<style>\/*! elementor - v3.18.0 - 08-12-2023 *\/\n.elementor-widget-text-editor.elementor-drop-cap-view-stacked .elementor-drop-cap{background-color:#69727d;color:#fff}.elementor-widget-text-editor.elementor-drop-cap-view-framed .elementor-drop-cap{color:#69727d;border:3px solid;background-color:transparent}.elementor-widget-text-editor:not(.elementor-drop-cap-view-default) .elementor-drop-cap{margin-top:8px}.elementor-widget-text-editor:not(.elementor-drop-cap-view-default) .elementor-drop-cap-letter{width:1em;height:1em}.elementor-widget-text-editor .elementor-drop-cap{float:left;text-align:center;line-height:1;font-size:50px}.elementor-widget-text-editor .elementor-drop-cap-letter{display:inline-block}<\/style>\t\t\t\t<h1 style=\"margin-block: 0.5rem 1rem; font-weight: 500; line-height: 1.2; color: #7a7a7a; font-style: normal; text-align: center;\">Declaraci\u00f3n de accesibilidad<\/h1>\t\t\t\t\t\t<\/div>\n\t\t\t\t<\/div>\n\t\t\t\t\t<\/div>\n\t\t\t\t<\/div>\n\t\t<div class=\"elementor-element elementor-element-754b2ec e-flex e-con-boxed e-con e-child\" data-id=\"754b2ec\" data-element_type=\"container\" data-settings=\"{&quot;content_width&quot;:&quot;boxed&quot;}\">\n\t\t\t\t\t<div class=\"e-con-inner\">\n\t\t\t\t<div class=\"elementor-element elementor-element-b79e021 elementor-widget elementor-widget-spacer\" data-id=\"b79e021\" data-element_type=\"widget\" data-widget_type=\"spacer.default\">\n\t\t\t\t<div class=\"elementor-widget-container\">\n\t\t\t\t\t<div class=\"elementor-spacer\">\n\t\t\t<div class=\"elementor-spacer-inner\"><\/div>\n\t\t<\/div>\n\t\t\t\t<\/div>\n\t\t\t\t<\/div>\n\t\t\t\t\t<\/div>\n\t\t\t\t<\/div>\n\t\t<div class=\"elementor-element elementor-element-26ee2f4 e-flex e-con-boxed e-con e-child\" data-id=\"26ee2f4\" data-element_type=\"container\" data-settings=\"{&quot;content_width&quot;:&quot;boxed&quot;}\">\n\t\t\t\t\t<div class=\"e-con-inner\">\n\t\t\t\t<div class=\"elementor-element elementor-element-402b19f elementor-widget elementor-widget-text-editor\" data-id=\"402b19f\" data-element_type=\"widget\" data-widget_type=\"text-editor.default\">\n\t\t\t\t<div class=\"elementor-widget-container\">\n\t\t\t\t\t\t\t<p style=\"margin-block: 0px 0.9rem; color: #7a7a7a; font-size: 20px; font-style: normal; font-weight: 400;\">La presente declaraci\u00f3n de accesibilidad se aplica al sitio web\u00a0<a style=\"text-decoration-line: none; color: #cc3366;\" href=\"https:\/\/arloma.net\/\">https:\/\/arloma.net<\/a><\/p><p style=\"margin-block: 0px 0.9rem; color: #7a7a7a; font-size: 20px; font-style: normal; font-weight: 400;\"><span style=\"font-weight: bolder;\">Pol\u00edtica de accesibilidad<\/span><\/p><p style=\"margin-block: 0px 0.9rem; color: #7a7a7a; font-size: 20px; font-style: normal; font-weight: 400;\">La empresa arloma S.L. (<a href=\"http:\/\/arloma.net\">arloma.net<\/a>)\u00a0se ha comprometido a hacer accesible su sitio web de conformidad con el Real Decreto 1112\/2018, de 7 de septiembre, sobre accesibilidad de los sitios web y aplicaciones para dispositivos m\u00f3viles del sector p\u00fablico, o desarrollos financiados desde Europa.<\/p><p style=\"margin-block: 0px 0.9rem; color: #7a7a7a; font-size: 20px; font-style: normal; font-weight: 400;\">La presente declaraci\u00f3n de accesibilidad se aplica al sitio web: <a href=\"http:\/\/arloma.net\">arloma.net<\/a>, excluyendo los contenidos incrustados provenientes de otros dominios.<\/p><p style=\"margin-block: 0px 0.9rem; color: #7a7a7a; font-size: 20px; font-style: normal; font-weight: 400;\"><span style=\"font-weight: bold;\">Situaci\u00f3n de cumplimiento<\/span><\/p><p style=\"margin-block: 0px 0.9rem; color: #7a7a7a; font-size: 20px; font-style: normal; font-weight: 400;\">Este sitio es\u00a0<span style=\"font-weight: bolder;\">Parcialmente conforme<\/span>\u00a0con el RD 1112\/2018 debido a la falta de conformidad de los aspectos que se indican a continuaci\u00f3n.<\/p><p style=\"margin-block: 0px 0.9rem; color: #7a7a7a; font-size: 20px; font-style: normal; font-weight: 400;\"><span style=\"font-weight: bolder;\">Contenido no accesible<\/span><\/p><p style=\"margin-block: 0px 0.9rem; color: #7a7a7a; font-size: 20px; font-style: normal; font-weight: 400;\"><span style=\"color: var( --e-global-color-text );\">El contenido que se recoge a continuaci\u00f3n no es accesible por los siguientes motivos.<\/span><\/p><p style=\"margin-block: 0px 0.9rem; color: #7a7a7a; font-size: 20px; font-style: normal; font-weight: 400;\"><span style=\"font-weight: bolder; color: var( --e-global-color-text );\">Falta de conformidad:<\/span><\/p><p style=\"margin-block: 0px 0.9rem; color: #7a7a7a; font-size: 20px; font-style: normal; font-weight: 400;\"><span style=\"color: var( --e-global-color-text );\">Pueden existir algunas im\u00e1genes cuya alternativa no est\u00e9 implementada o no sea correcta\u00a0<\/span><span style=\"color: var( --e-global-color-text );\">&#8212; Requisito9.1.1.1 Contenido no textual UNE-EN 301549:2022.<\/span><\/p><p style=\"margin-block: 0px 0.9rem; color: #7a7a7a; font-size: 20px; font-style: normal; font-weight: 400;\"><span style=\"color: var( --e-global-color-text );\">En los formularios, puede haber campos que no se hayan facilitado su rellenado a trav\u00e9s de sistemas autom\u00e1ticos &#8211; Requisito 9.1.3.5. Identificar el prop\u00f3sito de la entrada UNE-EN 301549:2022.<\/span><\/p><p style=\"margin-block: 0px 0.9rem; color: #7a7a7a; font-size: 20px; font-style: normal; font-weight: 400;\"><span style=\"color: var( --e-global-color-text );\">Podr\u00edan existir fallos puntuales de edici\u00f3n en alguna p\u00e1gina web. Carga desproporcionada: No resulta aplicable. El contenido no entra dentro del \u00e1mbito de la legislaci\u00f3n aplicable.<\/span><\/p><p style=\"margin-block: 0px 0.9rem; color: #7a7a7a; font-size: 20px; font-style: normal; font-weight: 400;\"><span style=\"color: var( --e-global-color-text );\">Podr\u00edan existir archivos ofim\u00e1ticos en PDF u otros formatos publicados antes del 20 de septiembre de 2018 que no cumplan en su totalidad todos los requisitos de accesibilidad. Puede haber contenidos de terceros que no est\u00e9n desarrollados en esta Unidad, ni bajo su control, como archivos ofim\u00e1ticos de diferentes organismos que deban publicarse en este sitio.<\/span><\/p><p style=\"margin-block: 0px 0.9rem; color: #7a7a7a; font-size: 20px; font-style: normal; font-weight: 400;\"><span style=\"color: var( --e-global-color-text );\"><span style=\"font-weight: bold;\">Observaciones y datos de contacto<\/span><\/span><\/p><p style=\"margin-block: 0px 0.9rem; color: #7a7a7a; font-size: 20px; font-style: normal; font-weight: 400;\"><span style=\"color: var( --e-global-color-text );\">Puede realizar comunicaciones sobre requisitos de accesibilidad (art\u00edculo 10.2.a) el RD 1112\/2018 como, por ejemplo:\u00a0<\/span><\/p><p style=\"margin-block: 0px 0.9rem; color: #7a7a7a; font-size: 20px; font-style: normal; font-weight: 400;\"><span style=\"color: var( --e-global-color-text );\">Informar sobre cualquier posible incumplimiento por parte de este sitio web.<\/span><\/p><p style=\"margin-block: 0px 0.9rem; color: #7a7a7a; font-size: 20px; font-style: normal; font-weight: 400;\"><span style=\"color: var( --e-global-color-text );\">Transmitir otras dificultades de acceso al contenido.<\/span><\/p><p style=\"margin-block: 0px 0.9rem; color: #7a7a7a; font-size: 20px; font-style: normal; font-weight: 400;\"><span style=\"color: var( --e-global-color-text );\">Formular cualquier consulta o sugerencia de mejora relativa a la accesibilidad del sitio web<\/span><\/p><p style=\"margin-block: 0px 0.9rem; color: #7a7a7a; font-size: 20px; font-style: normal; font-weight: 400;\"><span style=\"color: var( --e-global-color-text );\">A trav\u00e9s de nuestro formulario de contacto por email a <a href=\"http:\/\/arloma.net\">arloma.net<\/a><\/span><\/p><p style=\"margin-block: 0px 0.9rem; color: #7a7a7a; font-size: 20px; font-style: normal; font-weight: 400;\"><span style=\"color: var( --e-global-color-text );\"><span style=\"font-weight: bold;\">Puede presentar:<\/span><\/span><\/p><ul style=\"margin-block: 0px; font-size: 20px; background-image: initial; background-position: initial; background-size: initial; background-repeat: initial; background-attachment: initial; background-origin: initial; background-clip: initial; color: #7a7a7a; font-style: normal; font-weight: 400;\"><li style=\"margin-block: 0px; font-size: 20px; background: transparent;\"><span style=\"color: var( --e-global-color-text );\">Una queja relativa al cumplimiento de los requisitos del RD 1112\/2018.<\/span><\/li><li style=\"margin-block: 0px; font-size: 20px; background: transparent;\"><span style=\"color: var( --e-global-color-text );\">Una solicitud de informaci\u00f3n accesible relativa a:<\/span><br \/><ul style=\"font-size: 20px; background: transparent;\"><li style=\"margin-block: 0px; font-size: 20px; background: transparent;\"><span style=\"color: var( --e-global-color-text );\">Contenidos que est\u00e1n excluidos del \u00e1mbito de aplicaci\u00f3n del RD 111272018 seg\u00fan lo establecido por el art\u00edculo 3, apartado 4.\u00a0<\/span><\/li><li style=\"margin-block: 0px; font-size: 20px; background: transparent;\"><span style=\"color: var( --e-global-color-text );\">Contenidos que est\u00e1n exentos del cumplimiento de los requisitos de accesibilidad por imponer una carga desproporcionada.<\/span><\/li><\/ul><\/li><\/ul><p style=\"margin-block: 0px 0.9rem; color: #7a7a7a; font-size: 20px; font-style: normal; font-weight: 400;\"><span style=\"color: var( --e-global-color-text );\">En la solicitud de informaci\u00f3n accesible, se debe concretar, con toda claridad, los hechos, razones y petici\u00f3n que permitan constatar que se trata de una solicitud razonable y leg\u00edtima.<\/span><\/p><p style=\"margin-block: 0px 0.9rem; color: #7a7a7a; font-size: 20px; font-style: normal; font-weight: 400;\"><span style=\"color: var( --e-global-color-text );\">Contenido opcional<\/span><\/p><p style=\"margin-block: 0px 0.9rem; color: #7a7a7a; font-size: 20px; font-style: normal; font-weight: 400;\"><span style=\"color: var( --e-global-color-text );\">Esta web est\u00e1 dise\u00f1ada para poder cambiar el tama\u00f1o del texto y el color, as\u00ed como el fondo de la p\u00e1gina mediante las opciones de configuraci\u00f3n est\u00e1ndar de los navegadores as\u00ed como por el plugin espec\u00edfico para dicha funci\u00f3n. Se permite tambi\u00e9n:<br \/><\/span><\/p><ul style=\"margin-block: 0px; font-size: 20px; background-image: initial; background-position: initial; background-size: initial; background-repeat: initial; background-attachment: initial; background-origin: initial; background-clip: initial; color: #7a7a7a; font-style: normal; font-weight: 400;\"><li style=\"margin-block: 0px; font-size: 20px; background: transparent;\">Escala de grises.<\/li><li style=\"margin-block: 0px; font-size: 20px; background: transparent;\">Alto contraste.<\/li><li style=\"margin-block: 0px; font-size: 20px; background: transparent;\">Contraste negativo.<\/li><li style=\"margin-block: 0px; font-size: 20px; background: transparent;\">Fondo claro.<\/li><li style=\"margin-block: 0px; font-size: 20px; background: transparent;\">Subrayar enlaces.<\/li><li style=\"margin-block: 0px; font-size: 20px; background: transparent;\">Fuente legible.<\/li><\/ul><p style=\"margin-block: 0px 0.9rem; color: #7a7a7a; font-size: 20px; font-style: normal; font-weight: 400;\">Si desea hacer uso de las opciones de su navegador para cambiar el tama\u00f1o de letra de texto, utilice los siguientes men\u00fas:<\/p><p style=\"margin-block: 0px 0.9rem; color: #7a7a7a; font-size: 20px; font-style: normal; font-weight: 400;\">Internet Explorer, Mozilla y Firefox: Ver &gt; Tama\u00f1o del texto.<\/p><ul style=\"margin-block: 0px; font-size: 20px; background-image: initial; background-position: initial; background-size: initial; background-repeat: initial; background-attachment: initial; background-origin: initial; background-clip: initial; color: #7a7a7a; font-style: normal; font-weight: 400;\"><li style=\"margin-block: 0px; font-size: 20px; background: transparent;\">Opera: Ver &gt; Zoom.<\/li><li style=\"margin-block: 0px; font-size: 20px; background: transparent;\">Safari: Ver &gt; Hacer el texto m\u00e1s grande.<\/li><li style=\"margin-block: 0px; font-size: 20px; background: transparent;\">Chrome: Controla la p\u00e1gina actual &gt; Tama\u00f1o del texto.<\/li><\/ul><p style=\"margin-block: 0px 0.9rem; color: #7a7a7a; font-size: 20px; font-style: normal; font-weight: 400;\">Para modificar el tama\u00f1o de todo en la p\u00e1gina:<\/p><ul style=\"margin-block: 0px; font-size: 20px; background-image: initial; background-position: initial; background-size: initial; background-repeat: initial; background-attachment: initial; background-origin: initial; background-clip: initial; color: #7a7a7a; font-style: normal; font-weight: 400;\"><li style=\"margin-block: 0px; font-size: 20px; background: transparent;\">Ctrl + + para aumentarlo.<\/li><li style=\"margin-block: 0px; font-size: 20px; background: transparent;\">Ctrl + &#8211; para disminuirlo.<\/li><li style=\"margin-block: 0px; font-size: 20px; background: transparent;\">Ctrl + 0 restaura el tama\u00f1o original del texto.<\/li><\/ul>\t\t\t\t\t\t<\/div>\n\t\t\t\t<\/div>\n\t\t\t\t\t<\/div>\n\t\t\t\t<\/div>\n\t\t<div class=\"elementor-element elementor-element-378b5ed e-flex e-con-boxed e-con e-child\" data-id=\"378b5ed\" data-element_type=\"container\" data-settings=\"{&quot;content_width&quot;:&quot;boxed&quot;}\">\n\t\t\t\t\t<div class=\"e-con-inner\">\n\t\t\t\t<div class=\"elementor-element elementor-element-50ac5eb elementor-widget elementor-widget-spacer\" data-id=\"50ac5eb\" data-element_type=\"widget\" data-widget_type=\"spacer.default\">\n\t\t\t\t<div class=\"elementor-widget-container\">\n\t\t\t\t\t<div class=\"elementor-spacer\">\n\t\t\t<div class=\"elementor-spacer-inner\"><\/div>\n\t\t<\/div>\n\t\t\t\t<\/div>\n\t\t\t\t<\/div>\n\t\t\t\t\t<\/div>\n\t\t\t\t<\/div>\n\t\t\t\t\t<\/div>\n\t\t\t\t<\/div>\n\t\t\t\t\t\t\t<\/div>\n\t\t","protected":false},"excerpt":{"rendered":"<p>Declaraci\u00f3n de accesibilidad La presente declaraci\u00f3n de accesibilidad se aplica al sitio web\u00a0https:\/\/arloma.net Pol\u00edtica de accesibilidad La empresa arloma S.L. (arloma.net)\u00a0se ha comprometido a hacer accesible su sitio web de conformidad con el Real Decreto 1112\/2018, de 7 de septiembre, sobre accesibilidad de los sitios web y aplicaciones para dispositivos m\u00f3viles del sector p\u00fablico, o &hellip;<\/p>\n<p class=\"read-more\"> <a class=\"\" href=\"https:\/\/arloma.net\/index.php\/declaracion-de-accesibilidad\/\"> <span class=\"screen-reader-text\">Declaraci\u00f3n de Accesibilidad<\/span> Read More &raquo;<\/a><\/p>\n","protected":false},"author":1,"featured_media":0,"parent":0,"menu_order":0,"comment_status":"closed","ping_status":"closed","template":"","meta":{"site-sidebar-layout":"no-sidebar","site-content-layout":"","ast-site-content-layout":"full-width-container","site-content-style":"default","site-sidebar-style":"default","ast-global-header-display":"","ast-banner-title-visibility":"","ast-main-header-display":"","ast-hfb-above-header-display":"","ast-hfb-below-header-display":"","ast-hfb-mobile-header-display":"","site-post-title":"disabled","ast-breadcrumbs-content":"","ast-featured-img":"disabled","footer-sml-layout":"","theme-transparent-header-meta":"","adv-header-id-meta":"","stick-header-meta":"","header-above-stick-meta":"","header-main-stick-meta":"","header-below-stick-meta":"","astra-migrate-meta-layouts":"","ast-page-background-enabled":"default","ast-page-background-meta":{"desktop":{"background-color":"var(--ast-global-color-4)","background-image":"","background-repeat":"repeat","background-position":"center center","background-size":"auto","background-attachment":"scroll","background-type":"","background-media":"","overlay-type":"","overlay-color":"","overlay-gradient":""},"tablet":{"background-color":"","background-image":"","background-repeat":"repeat","background-position":"center center","background-size":"auto","background-attachment":"scroll","background-type":"","background-media":"","overlay-type":"","overlay-color":"","overlay-gradient":""},"mobile":{"background-color":"","background-image":"","background-repeat":"repeat","background-position":"center center","background-size":"auto","background-attachment":"scroll","background-type":"","background-media":"","overlay-type":"","overlay-color":"","overlay-gradient":""}},"ast-content-background-meta":{"desktop":{"background-color":"var(--ast-global-color-5)","background-image":"","background-repeat":"repeat","background-position":"center center","background-size":"auto","background-attachment":"scroll","background-type":"","background-media":"","overlay-type":"","overlay-color":"","overlay-gradient":""},"tablet":{"background-color":"var(--ast-global-color-5)","background-image":"","background-repeat":"repeat","background-position":"center center","background-size":"auto","background-attachment":"scroll","background-type":"","background-media":"","overlay-type":"","overlay-color":"","overlay-gradient":""},"mobile":{"background-color":"var(--ast-global-color-5)","background-image":"","background-repeat":"repeat","background-position":"center center","background-size":"auto","background-attachment":"scroll","background-type":"","background-media":"","overlay-type":"","overlay-color":"","overlay-gradient":""}},"footnotes":"","_joinchat":[]},"aioseo_notices":[],"_links":{"self":[{"href":"https:\/\/arloma.net\/index.php\/wp-json\/wp\/v2\/pages\/69"}],"collection":[{"href":"https:\/\/arloma.net\/index.php\/wp-json\/wp\/v2\/pages"}],"about":[{"href":"https:\/\/arloma.net\/index.php\/wp-json\/wp\/v2\/types\/page"}],"author":[{"embeddable":true,"href":"https:\/\/arloma.net\/index.php\/wp-json\/wp\/v2\/users\/1"}],"replies":[{"embeddable":true,"href":"https:\/\/arloma.net\/index.php\/wp-json\/wp\/v2\/comments?post=69"}],"version-history":[{"count":4,"href":"https:\/\/arloma.net\/index.php\/wp-json\/wp\/v2\/pages\/69\/revisions"}],"predecessor-version":[{"id":181,"href":"https:\/\/arloma.net\/index.php\/wp-json\/wp\/v2\/pages\/69\/revisions\/181"}],"wp:attachment":[{"href":"https:\/\/arloma.net\/index.php\/wp-json\/wp\/v2\/media?parent=69"}],"curies":[{"name":"wp","href":"https:\/\/api.w.org\/{rel}","templated":true}]}}